{"id":377,"date":"2023-03-18T19:04:42","date_gmt":"2023-03-18T19:04:42","guid":{"rendered":"https:\/\/www.blueknights3.cz\/home\/?page_id=377"},"modified":"2023-03-29T18:02:57","modified_gmt":"2023-03-29T18:02:57","slug":"historie-blue-knights","status":"publish","type":"page","link":"https:\/\/www.blueknights3.cz\/home\/historie-blue-knights\/","title":{"rendered":"Historie Blue Knights\u200b"},"content":{"rendered":"\t\t<div data-elementor-type=\"wp-page\" data-elementor-id=\"377\" class=\"elementor elementor-377\">\n\t\t\t\t\t\t<section class=\"elementor-section elementor-top-section elementor-element elementor-element-1416031 elementor-section-height-min-height elementor-section-boxed elementor-section-height-default elementor-section-items-middle\" data-id=\"1416031\" data-element_type=\"section\" data-e-type=\"section\" data-settings=\"{&quot;background_background&quot;:&quot;classic&quot;}\">\n\t\t\t\t\t\t\t<div class=\"elementor-background-overlay\"><\/div>\n\t\t\t\t\t\t\t<div class=\"elementor-container elementor-column-gap-default\">\n\t\t\t\t\t<div class=\"elementor-column elementor-col-100 elementor-top-column elementor-element elementor-element-3583b76d\" data-id=\"3583b76d\" data-element_type=\"column\" data-e-type=\"column\">\n\t\t\t<div class=\"elementor-widget-wrap\">\n\t\t\t\t\t\t\t<\/div>\n\t\t<\/div>\n\t\t\t\t\t<\/div>\n\t\t<\/section>\n\t\t\t\t<section class=\"elementor-section elementor-top-section elementor-element elementor-element-7a9128f elementor-section-boxed elementor-section-height-default elementor-section-height-default\" data-id=\"7a9128f\" data-element_type=\"section\" data-e-type=\"section\">\n\t\t\t\t\t\t<div class=\"elementor-container elementor-column-gap-default\">\n\t\t\t\t\t<div class=\"elementor-column elementor-col-16 elementor-top-column elementor-element elementor-element-a999450\" data-id=\"a999450\" data-element_type=\"column\" data-e-type=\"column\">\n\t\t\t<div class=\"elementor-widget-wrap elementor-element-populated\">\n\t\t\t\t\t\t<div class=\"elementor-element elementor-element-2b73711 elementor-widget elementor-widget-image\" data-id=\"2b73711\" data-element_type=\"widget\" data-e-type=\"widget\" data-widget_type=\"image.default\">\n\t\t\t\t<div class=\"elementor-widget-container\">\n\t\t\t\t\t\t\t\t\t\t\t\t\t\t\t\t<a href=\"http:\/\/www.blueknights.org\">\n\t\t\t\t\t\t\t<img decoding=\"async\" width=\"141\" height=\"150\" src=\"https:\/\/www.blueknights3.cz\/wp-content\/uploads\/2022\/08\/BK-Int.jpg\" class=\"attachment-thumbnail size-thumbnail wp-image-7\" alt=\"\" \/>\t\t\t\t\t\t\t\t<\/a>\n\t\t\t\t\t\t\t\t\t\t\t\t\t\t\t<\/div>\n\t\t\t\t<\/div>\n\t\t\t\t\t<\/div>\n\t\t<\/div>\n\t\t\t\t<div class=\"elementor-column elementor-col-66 elementor-top-column elementor-element elementor-element-08df9ec\" data-id=\"08df9ec\" data-element_type=\"column\" data-e-type=\"column\">\n\t\t\t<div class=\"elementor-widget-wrap elementor-element-populated\">\n\t\t\t\t\t\t<div class=\"elementor-element elementor-element-ddef809 elementor-widget elementor-widget-heading\" data-id=\"ddef809\" data-element_type=\"widget\" data-e-type=\"widget\" data-widget_type=\"heading.default\">\n\t\t\t\t<div class=\"elementor-widget-container\">\n\t\t\t\t\t<h1 class=\"elementor-heading-title elementor-size-xl\">N\u011bco m\u00e1lo z historie BlueKnight's\u200b<\/h1>\t\t\t\t<\/div>\n\t\t\t\t<\/div>\n\t\t\t\t\t<\/div>\n\t\t<\/div>\n\t\t\t\t<div class=\"elementor-column elementor-col-16 elementor-top-column elementor-element elementor-element-9a3da8b\" data-id=\"9a3da8b\" data-element_type=\"column\" data-e-type=\"column\">\n\t\t\t<div class=\"elementor-widget-wrap elementor-element-populated\">\n\t\t\t\t\t\t<div class=\"elementor-element elementor-element-eef292a elementor-widget elementor-widget-image\" data-id=\"eef292a\" data-element_type=\"widget\" data-e-type=\"widget\" data-widget_type=\"image.default\">\n\t\t\t\t<div class=\"elementor-widget-container\">\n\t\t\t\t\t\t\t\t\t\t\t\t\t\t\t\t<a href=\"http:\/\/www.blueknights3.cz\">\n\t\t\t\t\t\t\t<img fetchpriority=\"high\" decoding=\"async\" width=\"260\" height=\"300\" src=\"https:\/\/www.blueknights3.cz\/wp-content\/uploads\/2022\/08\/BKCZ3R-1-260x300.png\" class=\"attachment-medium size-medium wp-image-11\" alt=\"\" srcset=\"https:\/\/www.blueknights3.cz\/wp-content\/uploads\/2022\/08\/BKCZ3R-1-260x300.png 260w, https:\/\/www.blueknights3.cz\/wp-content\/uploads\/2022\/08\/BKCZ3R-1-886x1024.png 886w, https:\/\/www.blueknights3.cz\/wp-content\/uploads\/2022\/08\/BKCZ3R-1-768x888.png 768w, https:\/\/www.blueknights3.cz\/wp-content\/uploads\/2022\/08\/BKCZ3R-1-1329x1536.png 1329w, https:\/\/www.blueknights3.cz\/wp-content\/uploads\/2022\/08\/BKCZ3R-1-1772x2048.png 1772w\" sizes=\"(max-width: 260px) 100vw, 260px\" \/>\t\t\t\t\t\t\t\t<\/a>\n\t\t\t\t\t\t\t\t\t\t\t\t\t\t\t<\/div>\n\t\t\t\t<\/div>\n\t\t\t\t\t<\/div>\n\t\t<\/div>\n\t\t\t\t\t<\/div>\n\t\t<\/section>\n\t\t\t\t<section class=\"elementor-section elementor-top-section elementor-element elementor-element-54215b75 elementor-section-boxed elementor-section-height-default elementor-section-height-default\" data-id=\"54215b75\" data-element_type=\"section\" data-e-type=\"section\">\n\t\t\t\t\t\t<div class=\"elementor-container elementor-column-gap-default\">\n\t\t\t\t\t<div class=\"elementor-column elementor-col-100 elementor-top-column elementor-element elementor-element-16289a8e\" data-id=\"16289a8e\" data-element_type=\"column\" data-e-type=\"column\">\n\t\t\t<div class=\"elementor-widget-wrap elementor-element-populated\">\n\t\t\t\t\t\t<div class=\"elementor-element elementor-element-4b802136 elementor-widget-divider--view-line elementor-widget elementor-widget-divider\" data-id=\"4b802136\" data-element_type=\"widget\" data-e-type=\"widget\" data-widget_type=\"divider.default\">\n\t\t\t\t<div class=\"elementor-widget-container\">\n\t\t\t\t\t\t\t<div class=\"elementor-divider\">\n\t\t\t<span class=\"elementor-divider-separator\">\n\t\t\t\t\t\t<\/span>\n\t\t<\/div>\n\t\t\t\t\t\t<\/div>\n\t\t\t\t<\/div>\n\t\t\t\t<section class=\"elementor-section elementor-inner-section elementor-element elementor-element-269549d elementor-section-full_width elementor-section-height-default elementor-section-height-default\" data-id=\"269549d\" data-element_type=\"section\" data-e-type=\"section\">\n\t\t\t\t\t\t<div class=\"elementor-container elementor-column-gap-default\">\n\t\t\t\t\t<div class=\"elementor-column elementor-col-50 elementor-inner-column elementor-element elementor-element-7645139f\" data-id=\"7645139f\" data-element_type=\"column\" data-e-type=\"column\">\n\t\t\t<div class=\"elementor-widget-wrap elementor-element-populated\">\n\t\t\t\t\t\t<div class=\"elementor-element elementor-element-a98fdee elementor-widget elementor-widget-heading\" data-id=\"a98fdee\" data-element_type=\"widget\" data-e-type=\"widget\" data-widget_type=\"heading.default\">\n\t\t\t\t<div class=\"elementor-widget-container\">\n\t\t\t\t\t<h2 class=\"elementor-heading-title elementor-size-large\">Blue Knights LE MC International\n<\/h2>\t\t\t\t<\/div>\n\t\t\t\t<\/div>\n\t\t\t\t<div class=\"elementor-element elementor-element-541acac elementor-widget elementor-widget-text-editor\" data-id=\"541acac\" data-element_type=\"widget\" data-e-type=\"widget\" data-widget_type=\"text-editor.default\">\n\t\t\t\t<div class=\"elementor-widget-container\">\n\t\t\t\t\t\t\t\t\t<h4><span style=\"font-size: 15px; font-weight: 600;\">&nbsp;<\/span><\/h4>\n<h5>Blue Knights International je neziskov\u00e1 organizace slo\u017een\u00e1 z aktivn\u00edch a vyslou\u017eil\u00fdch (se ct\u00ed propu\u0161t\u011bn\u00fdch) policist\u016f, kte\u0159\u00ed krom\u011b profese sd\u00edlej\u00ed i l\u00e1sku k j\u00edzd\u011b na motorce.<\/h5>\n<h5>Organizace byla zalo\u017eena na ja\u0159e roku 1974, v Bangoru v Maine (USA), jako mal\u00fd, m\u00edstn\u00ed motocyklov\u00fd klub. Jm\u00e9no klubu bylo odvozeno od popul\u00e1rn\u00edho televizn\u00edho po\u0159adu o policii, vys\u00edlan\u00e9ho v&nbsp;t\u00e9 dob\u011b na \u00fazem\u00ed USA. Modr\u00e1 barva ve jm\u00e9n\u011b zna\u010d\u00ed barvy policejn\u00edch uniforem u\u017e\u00edvan\u00fdch policisty v&nbsp;oblasti mate\u0159sk\u00e9ho klubu a znak ryt\u00ed\u0159e zna\u010d\u00ed my\u0161lenku, kterou se sna\u017e\u00ed klub \u0161\u00ed\u0159it.<\/h5>\n<h5>Brzy po zalo\u017een\u00ed mate\u0159sk\u00e9ho klubu byly zalo\u017eeny dal\u0161\u00ed chaptery Blue Knights, a to v&nbsp;Massachusetts, v Nov\u00e9m Hampshiru a dal\u0161\u00edch m\u011bstech USA. V&nbsp;okam\u017eiku, kdy se ke \u010dlenstv\u00ed p\u0159idala Kanada, a pozd\u011bji Austr\u00e1lie, stal se klub Blue Knights mezin\u00e1rodn\u00edm motocyklov\u00fdm klubem.<\/h5>\n<h5>V&nbsp;sou\u010dasn\u00e9 dob\u011b je klub Blue Knights nejroz\u0161\u00ed\u0159en\u011bj\u0161\u00edm motocyklov\u00fdm klubem na sv\u011bt\u011b s&nbsp;644 chaptery soust\u0159ed\u011bn\u00fdmi pod 11 sv\u011btov\u00fdch region\u016f.&nbsp; &nbsp;<\/h5>\n<h5>Organizace Blue Knights se sna\u017e\u00ed podporovat sv\u00e9 \u010dleny jako rodina. Man\u017eel\u00e9, man\u017eelky a d\u011bti \u010dasto doprov\u00e1zej\u00ed na\u0161e \u010dleny na r\u016fzn\u00e9 v\u00fdlety a akce. \u010clenov\u00e9 jezd\u00ed na motocyklu dle vlastn\u00edho uv\u00e1\u017een\u00ed. Klub nem\u00e1 pravidla ohledn\u011b zna\u010dky, typu \u010di obsahu motocyklu. \u017deny jsou si v na\u0161\u00ed organizaci rovny nejen jako \u010dlenov\u00e9, ale ve vedouc\u00edch pozic\u00edch na m\u00edstn\u00ed i mezin\u00e1rodn\u00ed \u00farovni v r\u00e1mci cel\u00e9 organizace Blue Knights. &nbsp;<\/h5>\n<h5>&nbsp;<\/h5>\n<h5>Podle na\u0161eho z\u00e1kona, jsou na\u0161e c\u00edle a n\u00e1\u0161 \u00fa\u010del:<\/h5>\n<h5>Zajistit vz\u00e1jemnou pomoc, pot\u011b\u0161en\u00ed, z\u00e1bavu, vzd\u011bl\u00e1v\u00e1n\u00ed, fyzick\u00fd, du\u0161evn\u00ed a soci\u00e1ln\u00ed prosp\u011bch \u010dlen\u016f klubu ale i \u0161irok\u00e9 ve\u0159ejnosti.<\/h5>\n<h5>Podporovat a rozv\u00edjet motocyklov\u00fd sport a bezpe\u010dnost motocyklisty.<\/h5>\n<h5>Motocykl m\u00e1 slou\u017eit z\u00e1jm\u016fm vlastn\u00edk\u016f a u\u017eivatel\u016f.<\/h5>\n<h5>J\u00edt p\u0159\u00edkladem bezpe\u010dn\u00fdm pou\u017eit\u00edm, provozem a vyu\u017eit\u00edm motorky a dal\u0161\u00edmi jak\u00fdmikoli p\u0159ijateln\u00fdmi zp\u016fsoby.<\/h5>\n<h5>Rozv\u00edjet bratrsk\u00e9ho ducha mezi zam\u011bstnanci bezpe\u010dnostn\u00edch slo\u017eek a \u0161irokou ve\u0159ejnost\u00ed. &nbsp;<\/h5>\n<h5>&nbsp;<\/h5>\n<h5>Ryt\u00ed\u0159stv\u00ed pro n\u00e1s znamen\u00e1:<\/h5>\n<h5>U\u017e\u00edvat si spole\u010dnosti r\u016fzn\u00fdch lid\u00ed, kter\u00e9 spojuje nejen pr\u00e1ce v&nbsp;bezpe\u010dnostn\u00edch slo\u017ek\u00e1ch, ale i l\u00e1ska k&nbsp;motocykl\u016fm.<\/h5>\n<h5>Mo\u017enost nav\u0161t\u00edvit p\u0159\u00e1tel\u00e9 v kter\u00e9koli z na\u0161ich \u010dlensk\u00fdch zem\u00ed a b\u00fdt p\u0159ijat jako \u010dlen rodiny.<\/h5>\n<h5>Obdr\u017eet p\u0159\u00e1n\u00ed brzk\u00e9ho uzdraven\u00ed od lid\u00ed, kter\u00e9 jsi nikdy nepotkal. Mezi \u010dleny Blue Knights nejsou \u017e\u00e1dn\u00ed cizinci, jen p\u0159\u00e1tel\u00e9, kter\u00e9 jste zat\u00edm nepotkali.<\/h5>\n<h5>Vyjet s d\u00e1my ryt\u00ed\u0159\u016f a mal\u00fdmi ryt\u00ed\u0159i, kte\u0159\u00ed poskytuj\u00ed dodate\u010dn\u00e9 rodinn\u00e9 spojen\u00ed.<\/h5>\n<h5>P\u0159ijet k&nbsp;posti\u017een\u00fdm d\u011btem a vz\u00edt je na vyj\u00ed\u017e\u010fku. Vid\u011bt jejich \u00fasm\u011bvy na tv\u00e1\u0159\u00edch. Z\u00edsk\u00e1vat finance pro ty m\u00e9n\u011b \u0161\u0165astn\u00e9.<\/h5>\n<h5>Charitativn\u00ed organizace Blue Knights p\u0159isp\u011bla ji\u017e v\u00edce ne\u017e 18 miliony dolar\u016f po cel\u00e9m sv\u011bt\u011b do r\u016fzn\u00fdch charit. Velmi bl\u00edzk\u00e1 je n\u00e1m charita spojen\u00e1 s&nbsp;d\u011btmi. &nbsp;<\/h5>\n<h5>&nbsp;<\/h5>\n<h5>To v\u0161e z namen\u00e1 b\u00fdt Blue Knights, ale i mnohem, mnohem v\u00edc&#8230;<\/h5>\t\t\t\t\t\t\t\t<\/div>\n\t\t\t\t<\/div>\n\t\t\t\t\t<\/div>\n\t\t<\/div>\n\t\t\t\t<div class=\"elementor-column elementor-col-50 elementor-inner-column elementor-element elementor-element-43a5cc2d\" data-id=\"43a5cc2d\" data-element_type=\"column\" data-e-type=\"column\">\n\t\t\t<div class=\"elementor-widget-wrap elementor-element-populated\">\n\t\t\t\t\t\t<div class=\"elementor-element elementor-element-0de8cf3 elementor-widget elementor-widget-heading\" data-id=\"0de8cf3\" data-element_type=\"widget\" data-e-type=\"widget\" data-widget_type=\"heading.default\">\n\t\t\t\t<div class=\"elementor-widget-container\">\n\t\t\t\t\t<h2 class=\"elementor-heading-title elementor-size-large\">Blue Knights LE MC Czech<\/h2>\t\t\t\t<\/div>\n\t\t\t\t<\/div>\n\t\t\t\t<div class=\"elementor-element elementor-element-b8ac042 elementor-widget elementor-widget-text-editor\" data-id=\"b8ac042\" data-element_type=\"widget\" data-e-type=\"widget\" data-widget_type=\"text-editor.default\">\n\t\t\t\t<div class=\"elementor-widget-container\">\n\t\t\t\t\t\t\t\t\t<h4><span style=\"font-size: 15px; font-weight: 600;\">&nbsp;<\/span><\/h4>\n<h4><span style=\"caret-color: rgb(74, 74, 74); color: rgb(74, 74, 74); font-family: &quot;Open Sans&quot;, sans-serif; font-size: 14px; font-style: normal; font-variant-caps: normal;\">Historie a vznik prvn\u00edho charteru Blue Knights \u010cesk\u00e1 Republika se v\u00e1\u017ee do roku &#8230;&#8230;&#8230;&#8230;&#8230;.. Error 404<\/span><br><\/h4>\t\t\t\t\t\t\t\t<\/div>\n\t\t\t\t<\/div>\n\t\t\t\t\t<\/div>\n\t\t<\/div>\n\t\t\t\t\t<\/div>\n\t\t<\/section>\n\t\t\t\t\t<\/div>\n\t\t<\/div>\n\t\t\t\t\t<\/div>\n\t\t<\/section>\n\t\t\t\t<\/div>\n\t\t","protected":false},"excerpt":{"rendered":"<p>N\u011bco m\u00e1lo z historie BlueKnight&#8217;s\u200b Blue Knights LE MC International &nbsp; Blue Knights International je neziskov\u00e1 organizace slo\u017een\u00e1 z aktivn\u00edch a vyslou\u017eil\u00fdch (se ct\u00ed propu\u0161t\u011bn\u00fdch) policist\u016f, kte\u0159\u00ed krom\u011b profese sd\u00edlej\u00ed i l\u00e1sku k j\u00edzd\u011b na motorce. Organizace byla zalo\u017eena na ja\u0159e roku 1974, v Bangoru v Maine (USA), jako mal\u00fd, m\u00edstn\u00ed motocyklov\u00fd klub. Jm\u00e9no klubu [&hellip;]<\/p>\n","protected":false},"author":1,"featured_media":0,"parent":0,"menu_order":0,"comment_status":"closed","ping_status":"closed","template":"","meta":{"_uag_custom_page_level_css":"","_price":"","_stock":"","_tribe_ticket_header":"","_tribe_default_ticket_provider":"","_tribe_ticket_capacity":"0","_ticket_start_date":"","_ticket_end_date":"","_tribe_ticket_show_description":"","_tribe_ticket_show_not_going":false,"_tribe_ticket_use_global_stock":"","_tribe_ticket_global_stock_level":"","_global_stock_mode":"","_global_stock_cap":"","_tribe_rsvp_for_event":"","_tribe_ticket_going_count":"","_tribe_ticket_not_going_count":"","_tribe_tickets_list":[],"_tribe_ticket_has_attendee_info_fields":false,"footnotes":""},"class_list":["post-377","page","type-page","status-publish","hentry"],"uagb_featured_image_src":{"full":false,"thumbnail":false,"medium":false,"medium_large":false,"large":false,"1536x1536":false,"2048x2048":false},"uagb_author_info":{"display_name":"v\u00edme kdo","author_link":"https:\/\/www.blueknights3.cz\/home\/author\/blueknight\/"},"uagb_comment_info":0,"uagb_excerpt":"N\u011bco m\u00e1lo z historie BlueKnight&#8217;s\u200b Blue Knights LE MC International &nbsp; Blue Knights International je neziskov\u00e1 organizace slo\u017een\u00e1 z aktivn\u00edch a vyslou\u017eil\u00fdch (se ct\u00ed propu\u0161t\u011bn\u00fdch) policist\u016f, kte\u0159\u00ed krom\u011b profese sd\u00edlej\u00ed i l\u00e1sku k j\u00edzd\u011b na motorce. Organizace byla zalo\u017eena na ja\u0159e roku 1974, v Bangoru v Maine (USA), jako mal\u00fd, m\u00edstn\u00ed motocyklov\u00fd klub. Jm\u00e9no klubu&hellip;","ticketed":false,"_links":{"self":[{"href":"https:\/\/www.blueknights3.cz\/home\/wp-json\/wp\/v2\/pages\/377","targetHints":{"allow":["GET"]}}],"collection":[{"href":"https:\/\/www.blueknights3.cz\/home\/wp-json\/wp\/v2\/pages"}],"about":[{"href":"https:\/\/www.blueknights3.cz\/home\/wp-json\/wp\/v2\/types\/page"}],"author":[{"embeddable":true,"href":"https:\/\/www.blueknights3.cz\/home\/wp-json\/wp\/v2\/users\/1"}],"replies":[{"embeddable":true,"href":"https:\/\/www.blueknights3.cz\/home\/wp-json\/wp\/v2\/comments?post=377"}],"version-history":[{"count":22,"href":"https:\/\/www.blueknights3.cz\/home\/wp-json\/wp\/v2\/pages\/377\/revisions"}],"predecessor-version":[{"id":669,"href":"https:\/\/www.blueknights3.cz\/home\/wp-json\/wp\/v2\/pages\/377\/revisions\/669"}],"wp:attachment":[{"href":"https:\/\/www.blueknights3.cz\/home\/wp-json\/wp\/v2\/media?parent=377"}],"curies":[{"name":"wp","href":"https:\/\/api.w.org\/{rel}","templated":true}]}}