{"id":292,"date":"2023-03-18T16:33:25","date_gmt":"2023-03-18T16:33:25","guid":{"rendered":"https:\/\/www.blueknights3.cz\/?page_id=292"},"modified":"2023-03-23T21:27:35","modified_gmt":"2023-03-23T21:27:35","slug":"blue-haeven","status":"publish","type":"page","link":"https:\/\/www.blueknights3.cz\/home\/blue-haeven\/","title":{"rendered":"Blue Haeven"},"content":{"rendered":"\t\t<div data-elementor-type=\"wp-page\" data-elementor-id=\"292\" class=\"elementor elementor-292\">\n\t\t\t\t\t\t<section class=\"elementor-section elementor-top-section elementor-element elementor-element-94f6ad5 elementor-section-boxed elementor-section-height-default elementor-section-height-default\" data-id=\"94f6ad5\" data-element_type=\"section\" data-e-type=\"section\">\n\t\t\t\t\t\t<div class=\"elementor-container elementor-column-gap-default\">\n\t\t\t\t\t<div class=\"elementor-column elementor-col-16 elementor-top-column elementor-element elementor-element-5ff36d4\" data-id=\"5ff36d4\" data-element_type=\"column\" data-e-type=\"column\">\n\t\t\t<div class=\"elementor-widget-wrap elementor-element-populated\">\n\t\t\t\t\t\t<div class=\"elementor-element elementor-element-e6ee63c elementor-hidden-mobile elementor-widget elementor-widget-image\" data-id=\"e6ee63c\" data-element_type=\"widget\" data-e-type=\"widget\" data-widget_type=\"image.default\">\n\t\t\t\t<div class=\"elementor-widget-container\">\n\t\t\t\t\t\t\t\t\t\t\t\t\t\t\t\t<a href=\"https:\/\/www.blueknights3.cz\/home\/\">\n\t\t\t\t\t\t\t<img fetchpriority=\"high\" decoding=\"async\" width=\"275\" height=\"300\" src=\"https:\/\/www.blueknights3.cz\/wp-content\/uploads\/2023\/03\/Untitled_Artwork-275x300.jpg\" class=\"attachment-medium size-medium wp-image-410\" alt=\"\" srcset=\"https:\/\/www.blueknights3.cz\/wp-content\/uploads\/2023\/03\/Untitled_Artwork-275x300.jpg 275w, https:\/\/www.blueknights3.cz\/wp-content\/uploads\/2023\/03\/Untitled_Artwork-937x1024.jpg 937w, https:\/\/www.blueknights3.cz\/wp-content\/uploads\/2023\/03\/Untitled_Artwork-768x839.jpg 768w, https:\/\/www.blueknights3.cz\/wp-content\/uploads\/2023\/03\/Untitled_Artwork-1406x1536.jpg 1406w, https:\/\/www.blueknights3.cz\/wp-content\/uploads\/2023\/03\/Untitled_Artwork.jpg 1569w\" sizes=\"(max-width: 275px) 100vw, 275px\" \/>\t\t\t\t\t\t\t\t<\/a>\n\t\t\t\t\t\t\t\t\t\t\t\t\t\t\t<\/div>\n\t\t\t\t<\/div>\n\t\t\t\t\t<\/div>\n\t\t<\/div>\n\t\t\t\t<div class=\"elementor-column elementor-col-66 elementor-top-column elementor-element elementor-element-4595ba5\" data-id=\"4595ba5\" data-element_type=\"column\" data-e-type=\"column\">\n\t\t\t<div class=\"elementor-widget-wrap elementor-element-populated\">\n\t\t\t\t\t\t<div class=\"elementor-element elementor-element-4c16a2b elementor-absolute elementor-widget elementor-widget-heading\" data-id=\"4c16a2b\" data-element_type=\"widget\" data-e-type=\"widget\" data-settings=\"{&quot;_position&quot;:&quot;absolute&quot;}\" data-widget_type=\"heading.default\">\n\t\t\t\t<div class=\"elementor-widget-container\">\n\t\t\t\t\t<h1 class=\"elementor-heading-title elementor-size-default\">Motork\u00e1\u0159sk\u00e9 nebe<\/h1>\t\t\t\t<\/div>\n\t\t\t\t<\/div>\n\t\t\t\t<div class=\"elementor-element elementor-element-4404d0d elementor-widget elementor-widget-image\" data-id=\"4404d0d\" data-element_type=\"widget\" data-e-type=\"widget\" data-widget_type=\"image.default\">\n\t\t\t\t<div class=\"elementor-widget-container\">\n\t\t\t\t\t\t\t\t\t\t\t\t\t\t\t<img decoding=\"async\" width=\"1024\" height=\"739\" src=\"https:\/\/www.blueknights3.cz\/wp-content\/uploads\/2023\/03\/IMG_1696-1024x739.jpg\" class=\"attachment-large size-large wp-image-638\" alt=\"\" srcset=\"https:\/\/www.blueknights3.cz\/wp-content\/uploads\/2023\/03\/IMG_1696-1024x739.jpg 1024w, https:\/\/www.blueknights3.cz\/wp-content\/uploads\/2023\/03\/IMG_1696-300x216.jpg 300w, https:\/\/www.blueknights3.cz\/wp-content\/uploads\/2023\/03\/IMG_1696-768x554.jpg 768w, https:\/\/www.blueknights3.cz\/wp-content\/uploads\/2023\/03\/IMG_1696.jpg 1041w\" sizes=\"(max-width: 1024px) 100vw, 1024px\" \/>\t\t\t\t\t\t\t\t\t\t\t\t\t\t\t<\/div>\n\t\t\t\t<\/div>\n\t\t\t\t\t<\/div>\n\t\t<\/div>\n\t\t\t\t<div class=\"elementor-column elementor-col-16 elementor-top-column elementor-element elementor-element-05c2cee\" data-id=\"05c2cee\" data-element_type=\"column\" data-e-type=\"column\">\n\t\t\t<div class=\"elementor-widget-wrap elementor-element-populated\">\n\t\t\t\t\t\t<div class=\"elementor-element elementor-element-bc000b9 elementor-widget elementor-widget-image\" data-id=\"bc000b9\" data-element_type=\"widget\" data-e-type=\"widget\" data-widget_type=\"image.default\">\n\t\t\t\t<div class=\"elementor-widget-container\">\n\t\t\t\t\t\t\t\t\t\t\t\t\t\t\t\t<a href=\"https:\/\/www.blueknights3.cz\/home\/\">\n\t\t\t\t\t\t\t<img decoding=\"async\" width=\"937\" height=\"1024\" src=\"https:\/\/www.blueknights3.cz\/wp-content\/uploads\/2023\/03\/Untitled_Artwork-937x1024.jpg\" class=\"attachment-large size-large wp-image-410\" alt=\"\" srcset=\"https:\/\/www.blueknights3.cz\/wp-content\/uploads\/2023\/03\/Untitled_Artwork-937x1024.jpg 937w, https:\/\/www.blueknights3.cz\/wp-content\/uploads\/2023\/03\/Untitled_Artwork-275x300.jpg 275w, https:\/\/www.blueknights3.cz\/wp-content\/uploads\/2023\/03\/Untitled_Artwork-768x839.jpg 768w, https:\/\/www.blueknights3.cz\/wp-content\/uploads\/2023\/03\/Untitled_Artwork-1406x1536.jpg 1406w, https:\/\/www.blueknights3.cz\/wp-content\/uploads\/2023\/03\/Untitled_Artwork.jpg 1569w\" sizes=\"(max-width: 937px) 100vw, 937px\" \/>\t\t\t\t\t\t\t\t<\/a>\n\t\t\t\t\t\t\t\t\t\t\t\t\t\t\t<\/div>\n\t\t\t\t<\/div>\n\t\t\t\t\t<\/div>\n\t\t<\/div>\n\t\t\t\t\t<\/div>\n\t\t<\/section>\n\t\t\t\t<section class=\"elementor-section elementor-top-section elementor-element elementor-element-2fada41 elementor-section-boxed elementor-section-height-default elementor-section-height-default\" data-id=\"2fada41\" data-element_type=\"section\" data-e-type=\"section\">\n\t\t\t\t\t\t<div class=\"elementor-container elementor-column-gap-default\">\n\t\t\t\t\t<div class=\"elementor-column elementor-col-50 elementor-top-column elementor-element elementor-element-ee3d145\" data-id=\"ee3d145\" data-element_type=\"column\" data-e-type=\"column\">\n\t\t\t<div class=\"elementor-widget-wrap elementor-element-populated\">\n\t\t\t\t\t\t<div class=\"elementor-element elementor-element-2cc0d00 elementor-widget elementor-widget-image\" data-id=\"2cc0d00\" data-element_type=\"widget\" data-e-type=\"widget\" data-widget_type=\"image.default\">\n\t\t\t\t<div class=\"elementor-widget-container\">\n\t\t\t\t\t\t\t\t\t\t\t\t\t\t\t<img loading=\"lazy\" decoding=\"async\" width=\"606\" height=\"378\" src=\"https:\/\/www.blueknights3.cz\/wp-content\/uploads\/2023\/03\/road-to-heaven-jirka.jpg.opt606x378o00s606x378.jpeg\" class=\"attachment-large size-large wp-image-293\" alt=\"\" srcset=\"https:\/\/www.blueknights3.cz\/wp-content\/uploads\/2023\/03\/road-to-heaven-jirka.jpg.opt606x378o00s606x378.jpeg 606w, https:\/\/www.blueknights3.cz\/wp-content\/uploads\/2023\/03\/road-to-heaven-jirka.jpg.opt606x378o00s606x378-300x187.jpeg 300w\" sizes=\"(max-width: 606px) 100vw, 606px\" \/>\t\t\t\t\t\t\t\t\t\t\t\t\t\t\t<\/div>\n\t\t\t\t<\/div>\n\t\t\t\t\t<\/div>\n\t\t<\/div>\n\t\t\t\t<div class=\"elementor-column elementor-col-50 elementor-top-column elementor-element elementor-element-6f29f61\" data-id=\"6f29f61\" data-element_type=\"column\" data-e-type=\"column\">\n\t\t\t<div class=\"elementor-widget-wrap elementor-element-populated\">\n\t\t\t\t\t\t<div class=\"elementor-element elementor-element-60fb77b elementor-widget elementor-widget-image\" data-id=\"60fb77b\" data-element_type=\"widget\" data-e-type=\"widget\" data-widget_type=\"image.default\">\n\t\t\t\t<div class=\"elementor-widget-container\">\n\t\t\t\t\t\t\t\t\t\t\t\t\t\t\t<img loading=\"lazy\" decoding=\"async\" width=\"604\" height=\"377\" src=\"https:\/\/www.blueknights3.cz\/wp-content\/uploads\/2023\/03\/finalni.jpg.opt604x377o00s604x377.jpeg\" class=\"attachment-large size-large wp-image-294\" alt=\"\" srcset=\"https:\/\/www.blueknights3.cz\/wp-content\/uploads\/2023\/03\/finalni.jpg.opt604x377o00s604x377.jpeg 604w, https:\/\/www.blueknights3.cz\/wp-content\/uploads\/2023\/03\/finalni.jpg.opt604x377o00s604x377-300x187.jpeg 300w\" sizes=\"(max-width: 604px) 100vw, 604px\" \/>\t\t\t\t\t\t\t\t\t\t\t\t\t\t\t<\/div>\n\t\t\t\t<\/div>\n\t\t\t\t\t<\/div>\n\t\t<\/div>\n\t\t\t\t\t<\/div>\n\t\t<\/section>\n\t\t\t\t<\/div>\n\t\t","protected":false},"excerpt":{"rendered":"<p>Motork\u00e1\u0159sk\u00e9 nebe<\/p>\n","protected":false},"author":1,"featured_media":0,"parent":0,"menu_order":0,"comment_status":"closed","ping_status":"closed","template":"","meta":{"_uag_custom_page_level_css":"","_price":"","_stock":"","_tribe_ticket_header":"","_tribe_default_ticket_provider":"","_tribe_ticket_capacity":"0","_ticket_start_date":"","_ticket_end_date":"","_tribe_ticket_show_description":"","_tribe_ticket_show_not_going":false,"_tribe_ticket_use_global_stock":"","_tribe_ticket_global_stock_level":"","_global_stock_mode":"","_global_stock_cap":"","_tribe_rsvp_for_event":"","_tribe_ticket_going_count":"","_tribe_ticket_not_going_count":"","_tribe_tickets_list":[],"_tribe_ticket_has_attendee_info_fields":false,"footnotes":""},"class_list":["post-292","page","type-page","status-publish","hentry"],"uagb_featured_image_src":{"full":false,"thumbnail":false,"medium":false,"medium_large":false,"large":false,"1536x1536":false,"2048x2048":false},"uagb_author_info":{"display_name":"v\u00edme kdo","author_link":"https:\/\/www.blueknights3.cz\/home\/author\/blueknight\/"},"uagb_comment_info":0,"uagb_excerpt":"Motork\u00e1\u0159sk\u00e9 nebe","ticketed":false,"_links":{"self":[{"href":"https:\/\/www.blueknights3.cz\/home\/wp-json\/wp\/v2\/pages\/292","targetHints":{"allow":["GET"]}}],"collection":[{"href":"https:\/\/www.blueknights3.cz\/home\/wp-json\/wp\/v2\/pages"}],"about":[{"href":"https:\/\/www.blueknights3.cz\/home\/wp-json\/wp\/v2\/types\/page"}],"author":[{"embeddable":true,"href":"https:\/\/www.blueknights3.cz\/home\/wp-json\/wp\/v2\/users\/1"}],"replies":[{"embeddable":true,"href":"https:\/\/www.blueknights3.cz\/home\/wp-json\/wp\/v2\/comments?post=292"}],"version-history":[{"count":51,"href":"https:\/\/www.blueknights3.cz\/home\/wp-json\/wp\/v2\/pages\/292\/revisions"}],"predecessor-version":[{"id":641,"href":"https:\/\/www.blueknights3.cz\/home\/wp-json\/wp\/v2\/pages\/292\/revisions\/641"}],"wp:attachment":[{"href":"https:\/\/www.blueknights3.cz\/home\/wp-json\/wp\/v2\/media?parent=292"}],"curies":[{"name":"wp","href":"https:\/\/api.w.org\/{rel}","templated":true}]}}