{"id":177,"date":"2023-03-18T12:16:33","date_gmt":"2023-03-18T12:16:33","guid":{"rendered":"https:\/\/www.blueknights3.cz\/?page_id=177"},"modified":"2025-03-27T18:41:44","modified_gmt":"2025-03-27T18:41:44","slug":"home","status":"publish","type":"page","link":"https:\/\/www.blueknights3.cz\/home\/","title":{"rendered":"Home"},"content":{"rendered":"\t\t<div data-elementor-type=\"wp-page\" data-elementor-id=\"177\" class=\"elementor elementor-177\">\n\t\t\t\t\t\t<section class=\"elementor-section elementor-top-section elementor-element elementor-element-685c1917 elementor-section-height-min-height elementor-section-boxed elementor-section-height-default elementor-section-items-middle\" data-id=\"685c1917\" data-element_type=\"section\" data-e-type=\"section\" data-settings=\"{&quot;background_background&quot;:&quot;classic&quot;}\">\n\t\t\t\t\t\t\t<div class=\"elementor-background-overlay\"><\/div>\n\t\t\t\t\t\t\t<div class=\"elementor-container elementor-column-gap-default\">\n\t\t\t\t\t<div class=\"elementor-column elementor-col-100 elementor-top-column elementor-element elementor-element-2ea96245\" data-id=\"2ea96245\" data-element_type=\"column\" data-e-type=\"column\">\n\t\t\t<div class=\"elementor-widget-wrap elementor-element-populated\">\n\t\t\t\t\t\t<div class=\"elementor-element elementor-element-af31f30 elementor-widget elementor-widget-image\" data-id=\"af31f30\" data-element_type=\"widget\" data-e-type=\"widget\" data-widget_type=\"image.default\">\n\t\t\t\t<div class=\"elementor-widget-container\">\n\t\t\t\t\t\t\t\t\t\t\t\t\t\t\t<img fetchpriority=\"high\" decoding=\"async\" width=\"260\" height=\"300\" src=\"https:\/\/www.blueknights3.cz\/wp-content\/uploads\/2022\/08\/BKCZ3R-1-260x300.png\" class=\"attachment-medium size-medium wp-image-11\" alt=\"\" srcset=\"https:\/\/www.blueknights3.cz\/wp-content\/uploads\/2022\/08\/BKCZ3R-1-260x300.png 260w, https:\/\/www.blueknights3.cz\/wp-content\/uploads\/2022\/08\/BKCZ3R-1-886x1024.png 886w, https:\/\/www.blueknights3.cz\/wp-content\/uploads\/2022\/08\/BKCZ3R-1-768x888.png 768w, https:\/\/www.blueknights3.cz\/wp-content\/uploads\/2022\/08\/BKCZ3R-1-1329x1536.png 1329w, https:\/\/www.blueknights3.cz\/wp-content\/uploads\/2022\/08\/BKCZ3R-1-1772x2048.png 1772w\" sizes=\"(max-width: 260px) 100vw, 260px\" \/>\t\t\t\t\t\t\t\t\t\t\t\t\t\t\t<\/div>\n\t\t\t\t<\/div>\n\t\t\t\t<div class=\"elementor-element elementor-element-f00ef5c elementor-widget elementor-widget-spacer\" data-id=\"f00ef5c\" data-element_type=\"widget\" data-e-type=\"widget\" data-widget_type=\"spacer.default\">\n\t\t\t\t<div class=\"elementor-widget-container\">\n\t\t\t\t\t\t\t<div class=\"elementor-spacer\">\n\t\t\t<div class=\"elementor-spacer-inner\"><\/div>\n\t\t<\/div>\n\t\t\t\t\t\t<\/div>\n\t\t\t\t<\/div>\n\t\t\t\t<div class=\"elementor-element elementor-element-8dd03e1 elementor-widget elementor-widget-heading\" data-id=\"8dd03e1\" data-element_type=\"widget\" data-e-type=\"widget\" data-widget_type=\"heading.default\">\n\t\t\t\t<div class=\"elementor-widget-container\">\n\t\t\t\t\t<h2 class=\"elementor-heading-title elementor-size-xl\">V\u00edtejte na ofici\u00e1ln\u00ed str\u00e1nce<\/h2>\t\t\t\t<\/div>\n\t\t\t\t<\/div>\n\t\t\t\t<div class=\"elementor-element elementor-element-61a4a6f elementor-widget elementor-widget-heading\" data-id=\"61a4a6f\" data-element_type=\"widget\" data-e-type=\"widget\" data-widget_type=\"heading.default\">\n\t\t\t\t<div class=\"elementor-widget-container\">\n\t\t\t\t\t<h1 class=\"elementor-heading-title elementor-size-xxl\">Blue Knight\u00b4s Czech Republic III.<\/h1>\t\t\t\t<\/div>\n\t\t\t\t<\/div>\n\t\t\t\t<div class=\"elementor-element elementor-element-af4d6d4 elementor-widget elementor-widget-spacer\" data-id=\"af4d6d4\" data-element_type=\"widget\" data-e-type=\"widget\" data-widget_type=\"spacer.default\">\n\t\t\t\t<div class=\"elementor-widget-container\">\n\t\t\t\t\t\t\t<div class=\"elementor-spacer\">\n\t\t\t<div class=\"elementor-spacer-inner\"><\/div>\n\t\t<\/div>\n\t\t\t\t\t\t<\/div>\n\t\t\t\t<\/div>\n\t\t\t\t<div class=\"elementor-element elementor-element-d8f5be2 elementor-widget elementor-widget-heading\" data-id=\"d8f5be2\" data-element_type=\"widget\" data-e-type=\"widget\" data-widget_type=\"heading.default\">\n\t\t\t\t<div class=\"elementor-widget-container\">\n\t\t\t\t\t<h2 class=\"elementor-heading-title elementor-size-default\">Law&nbsp;Enforcement Motorcycle Club <\/h2>\t\t\t\t<\/div>\n\t\t\t\t<\/div>\n\t\t\t\t\t<\/div>\n\t\t<\/div>\n\t\t\t\t\t<\/div>\n\t\t<\/section>\n\t\t\t\t<section class=\"elementor-section elementor-top-section elementor-element elementor-element-d209f95 elementor-section-boxed elementor-section-height-default elementor-section-height-default\" data-id=\"d209f95\" data-element_type=\"section\" data-e-type=\"section\">\n\t\t\t\t\t\t<div class=\"elementor-container elementor-column-gap-default\">\n\t\t\t\t\t<div class=\"elementor-column elementor-col-100 elementor-top-column elementor-element elementor-element-e951ef1\" data-id=\"e951ef1\" data-element_type=\"column\" data-e-type=\"column\">\n\t\t\t<div class=\"elementor-widget-wrap\">\n\t\t\t\t\t\t\t<\/div>\n\t\t<\/div>\n\t\t\t\t\t<\/div>\n\t\t<\/section>\n\t\t\t\t<section class=\"elementor-section elementor-top-section elementor-element elementor-element-6d66b8d elementor-section-boxed elementor-section-height-default elementor-section-height-default\" data-id=\"6d66b8d\" data-element_type=\"section\" data-e-type=\"section\">\n\t\t\t\t\t\t<div class=\"elementor-container elementor-column-gap-default\">\n\t\t\t\t\t<div class=\"elementor-column elementor-col-25 elementor-top-column elementor-element elementor-element-5c58094\" data-id=\"5c58094\" data-element_type=\"column\" data-e-type=\"column\">\n\t\t\t<div class=\"elementor-widget-wrap\">\n\t\t\t\t\t\t\t<\/div>\n\t\t<\/div>\n\t\t\t\t<div class=\"elementor-column elementor-col-50 elementor-top-column elementor-element elementor-element-6eb644d\" data-id=\"6eb644d\" data-element_type=\"column\" data-e-type=\"column\">\n\t\t\t<div class=\"elementor-widget-wrap elementor-element-populated\">\n\t\t\t\t\t\t<div class=\"elementor-element elementor-element-444d2dd elementor-widget__width-initial elementor-widget elementor-widget-image\" data-id=\"444d2dd\" data-element_type=\"widget\" data-e-type=\"widget\" data-widget_type=\"image.default\">\n\t\t\t\t<div class=\"elementor-widget-container\">\n\t\t\t\t\t\t\t\t\t\t\t\t\t\t\t<img decoding=\"async\" width=\"649\" height=\"1163\" src=\"https:\/\/www.blueknights3.cz\/wp-content\/uploads\/2025\/03\/Parte.jpg\" class=\"attachment-medium_large size-medium_large wp-image-774\" alt=\"\" srcset=\"https:\/\/www.blueknights3.cz\/wp-content\/uploads\/2025\/03\/Parte.jpg 649w, https:\/\/www.blueknights3.cz\/wp-content\/uploads\/2025\/03\/Parte-167x300.jpg 167w, https:\/\/www.blueknights3.cz\/wp-content\/uploads\/2025\/03\/Parte-571x1024.jpg 571w\" sizes=\"(max-width: 649px) 100vw, 649px\" \/>\t\t\t\t\t\t\t\t\t\t\t\t\t\t\t<\/div>\n\t\t\t\t<\/div>\n\t\t\t\t\t<\/div>\n\t\t<\/div>\n\t\t\t\t<div class=\"elementor-column elementor-col-25 elementor-top-column elementor-element elementor-element-afbf347\" data-id=\"afbf347\" data-element_type=\"column\" data-e-type=\"column\">\n\t\t\t<div class=\"elementor-widget-wrap\">\n\t\t\t\t\t\t\t<\/div>\n\t\t<\/div>\n\t\t\t\t\t<\/div>\n\t\t<\/section>\n\t\t\t\t<section class=\"elementor-section elementor-top-section elementor-element elementor-element-1af0807 elementor-section-boxed elementor-section-height-default elementor-section-height-default\" data-id=\"1af0807\" data-element_type=\"section\" data-e-type=\"section\">\n\t\t\t\t\t\t<div class=\"elementor-container elementor-column-gap-default\">\n\t\t\t\t\t<div class=\"elementor-column elementor-col-33 elementor-top-column elementor-element elementor-element-c4713a8\" data-id=\"c4713a8\" data-element_type=\"column\" data-e-type=\"column\">\n\t\t\t<div class=\"elementor-widget-wrap\">\n\t\t\t\t\t\t\t<\/div>\n\t\t<\/div>\n\t\t\t\t<div class=\"elementor-column elementor-col-33 elementor-top-column elementor-element elementor-element-91e83a3\" data-id=\"91e83a3\" data-element_type=\"column\" data-e-type=\"column\">\n\t\t\t<div class=\"elementor-widget-wrap\">\n\t\t\t\t\t\t\t<\/div>\n\t\t<\/div>\n\t\t\t\t<div class=\"elementor-column elementor-col-33 elementor-top-column elementor-element elementor-element-16c3f97\" data-id=\"16c3f97\" data-element_type=\"column\" data-e-type=\"column\">\n\t\t\t<div class=\"elementor-widget-wrap\">\n\t\t\t\t\t\t\t<\/div>\n\t\t<\/div>\n\t\t\t\t\t<\/div>\n\t\t<\/section>\n\t\t\t\t<section class=\"elementor-section elementor-top-section elementor-element elementor-element-3d6d6cf elementor-section-boxed elementor-section-height-default elementor-section-height-default\" data-id=\"3d6d6cf\" data-element_type=\"section\" data-e-type=\"section\" data-settings=\"{&quot;background_background&quot;:&quot;classic&quot;}\">\n\t\t\t\t\t\t\t<div class=\"elementor-background-overlay\"><\/div>\n\t\t\t\t\t\t\t<div class=\"elementor-container elementor-column-gap-default\">\n\t\t\t\t\t<div class=\"elementor-column elementor-col-100 elementor-top-column elementor-element elementor-element-f0aff22\" data-id=\"f0aff22\" data-element_type=\"column\" data-e-type=\"column\">\n\t\t\t<div class=\"elementor-widget-wrap elementor-element-populated\">\n\t\t\t\t\t\t<div class=\"elementor-element elementor-element-fb29ac2 elementor-arrows-position-inside elementor-pagination-position-outside elementor-widget elementor-widget-image-carousel\" data-id=\"fb29ac2\" data-element_type=\"widget\" data-e-type=\"widget\" data-settings=\"{&quot;slides_to_show&quot;:&quot;4&quot;,&quot;navigation&quot;:&quot;both&quot;,&quot;autoplay&quot;:&quot;yes&quot;,&quot;pause_on_hover&quot;:&quot;yes&quot;,&quot;pause_on_interaction&quot;:&quot;yes&quot;,&quot;autoplay_speed&quot;:5000,&quot;infinite&quot;:&quot;yes&quot;,&quot;speed&quot;:500}\" data-widget_type=\"image-carousel.default\">\n\t\t\t\t<div class=\"elementor-widget-container\">\n\t\t\t\t\t\t\t<div class=\"elementor-image-carousel-wrapper swiper\" role=\"region\" aria-roledescription=\"carousel\" aria-label=\"Obr\u00e1zkov\u00fd koloto\u010d\" dir=\"ltr\">\n\t\t\t<div class=\"elementor-image-carousel swiper-wrapper\" aria-live=\"off\">\n\t\t\t\t\t\t\t\t<div class=\"swiper-slide\" role=\"group\" aria-roledescription=\"slide\" aria-label=\"1 z 9\"><a data-elementor-open-lightbox=\"yes\" data-elementor-lightbox-slideshow=\"fb29ac2\" data-elementor-lightbox-title=\"M7\" data-e-action-hash=\"#elementor-action%3Aaction%3Dlightbox%26settings%3DeyJpZCI6Nzg0LCJ1cmwiOiJodHRwczpcL1wvd3d3LmJsdWVrbmlnaHRzMy5jelwvd3AtY29udGVudFwvdXBsb2Fkc1wvMjAyNVwvMDNcL003LmpwZyIsInNsaWRlc2hvdyI6ImZiMjlhYzIifQ%3D%3D\" href=\"https:\/\/www.blueknights3.cz\/wp-content\/uploads\/2025\/03\/M7.jpg\"><figure class=\"swiper-slide-inner\"><img decoding=\"async\" class=\"swiper-slide-image\" src=\"https:\/\/www.blueknights3.cz\/wp-content\/uploads\/2025\/03\/M7-150x150.jpg\" alt=\"M7\" \/><\/figure><\/a><\/div><div class=\"swiper-slide\" role=\"group\" aria-roledescription=\"slide\" aria-label=\"2 z 9\"><a data-elementor-open-lightbox=\"yes\" data-elementor-lightbox-slideshow=\"fb29ac2\" data-elementor-lightbox-title=\"M6\" data-e-action-hash=\"#elementor-action%3Aaction%3Dlightbox%26settings%3DeyJpZCI6NzgzLCJ1cmwiOiJodHRwczpcL1wvd3d3LmJsdWVrbmlnaHRzMy5jelwvd3AtY29udGVudFwvdXBsb2Fkc1wvMjAyNVwvMDNcL002LmpwZyIsInNsaWRlc2hvdyI6ImZiMjlhYzIifQ%3D%3D\" href=\"https:\/\/www.blueknights3.cz\/wp-content\/uploads\/2025\/03\/M6.jpg\"><figure class=\"swiper-slide-inner\"><img decoding=\"async\" class=\"swiper-slide-image\" src=\"https:\/\/www.blueknights3.cz\/wp-content\/uploads\/2025\/03\/M6-150x150.jpg\" alt=\"M6\" \/><\/figure><\/a><\/div><div class=\"swiper-slide\" role=\"group\" aria-roledescription=\"slide\" aria-label=\"3 z 9\"><a data-elementor-open-lightbox=\"yes\" data-elementor-lightbox-slideshow=\"fb29ac2\" data-elementor-lightbox-title=\"M3\" data-e-action-hash=\"#elementor-action%3Aaction%3Dlightbox%26settings%3DeyJpZCI6NzgwLCJ1cmwiOiJodHRwczpcL1wvd3d3LmJsdWVrbmlnaHRzMy5jelwvd3AtY29udGVudFwvdXBsb2Fkc1wvMjAyNVwvMDNcL00zLmpwZyIsInNsaWRlc2hvdyI6ImZiMjlhYzIifQ%3D%3D\" href=\"https:\/\/www.blueknights3.cz\/wp-content\/uploads\/2025\/03\/M3.jpg\"><figure class=\"swiper-slide-inner\"><img decoding=\"async\" class=\"swiper-slide-image\" src=\"https:\/\/www.blueknights3.cz\/wp-content\/uploads\/2025\/03\/M3-150x150.jpg\" alt=\"M3\" \/><\/figure><\/a><\/div><div class=\"swiper-slide\" role=\"group\" aria-roledescription=\"slide\" aria-label=\"4 z 9\"><a data-elementor-open-lightbox=\"yes\" data-elementor-lightbox-slideshow=\"fb29ac2\" data-elementor-lightbox-title=\"M2\" data-e-action-hash=\"#elementor-action%3Aaction%3Dlightbox%26settings%3DeyJpZCI6Nzc5LCJ1cmwiOiJodHRwczpcL1wvd3d3LmJsdWVrbmlnaHRzMy5jelwvd3AtY29udGVudFwvdXBsb2Fkc1wvMjAyNVwvMDNcL00yLmpwZyIsInNsaWRlc2hvdyI6ImZiMjlhYzIifQ%3D%3D\" href=\"https:\/\/www.blueknights3.cz\/wp-content\/uploads\/2025\/03\/M2.jpg\"><figure class=\"swiper-slide-inner\"><img decoding=\"async\" class=\"swiper-slide-image\" src=\"https:\/\/www.blueknights3.cz\/wp-content\/uploads\/2025\/03\/M2-150x150.jpg\" alt=\"M2\" \/><\/figure><\/a><\/div><div class=\"swiper-slide\" role=\"group\" aria-roledescription=\"slide\" aria-label=\"5 z 9\"><a data-elementor-open-lightbox=\"yes\" data-elementor-lightbox-slideshow=\"fb29ac2\" data-elementor-lightbox-title=\"M4\" data-e-action-hash=\"#elementor-action%3Aaction%3Dlightbox%26settings%3DeyJpZCI6NzgxLCJ1cmwiOiJodHRwczpcL1wvd3d3LmJsdWVrbmlnaHRzMy5jelwvd3AtY29udGVudFwvdXBsb2Fkc1wvMjAyNVwvMDNcL000LmpwZyIsInNsaWRlc2hvdyI6ImZiMjlhYzIifQ%3D%3D\" href=\"https:\/\/www.blueknights3.cz\/wp-content\/uploads\/2025\/03\/M4.jpg\"><figure class=\"swiper-slide-inner\"><img decoding=\"async\" class=\"swiper-slide-image\" src=\"https:\/\/www.blueknights3.cz\/wp-content\/uploads\/2025\/03\/M4-150x150.jpg\" alt=\"M4\" \/><\/figure><\/a><\/div><div class=\"swiper-slide\" role=\"group\" aria-roledescription=\"slide\" aria-label=\"6 z 9\"><a data-elementor-open-lightbox=\"yes\" data-elementor-lightbox-slideshow=\"fb29ac2\" data-elementor-lightbox-title=\"M1\" data-e-action-hash=\"#elementor-action%3Aaction%3Dlightbox%26settings%3DeyJpZCI6Nzc4LCJ1cmwiOiJodHRwczpcL1wvd3d3LmJsdWVrbmlnaHRzMy5jelwvd3AtY29udGVudFwvdXBsb2Fkc1wvMjAyNVwvMDNcL00xLmpwZyIsInNsaWRlc2hvdyI6ImZiMjlhYzIifQ%3D%3D\" href=\"https:\/\/www.blueknights3.cz\/wp-content\/uploads\/2025\/03\/M1.jpg\"><figure class=\"swiper-slide-inner\"><img decoding=\"async\" class=\"swiper-slide-image\" src=\"https:\/\/www.blueknights3.cz\/wp-content\/uploads\/2025\/03\/M1-150x150.jpg\" alt=\"M1\" \/><\/figure><\/a><\/div><div class=\"swiper-slide\" role=\"group\" aria-roledescription=\"slide\" aria-label=\"7 z 9\"><a data-elementor-open-lightbox=\"yes\" data-elementor-lightbox-slideshow=\"fb29ac2\" data-elementor-lightbox-title=\"M5\" data-e-action-hash=\"#elementor-action%3Aaction%3Dlightbox%26settings%3DeyJpZCI6NzgyLCJ1cmwiOiJodHRwczpcL1wvd3d3LmJsdWVrbmlnaHRzMy5jelwvd3AtY29udGVudFwvdXBsb2Fkc1wvMjAyNVwvMDNcL001LmpwZyIsInNsaWRlc2hvdyI6ImZiMjlhYzIifQ%3D%3D\" href=\"https:\/\/www.blueknights3.cz\/wp-content\/uploads\/2025\/03\/M5.jpg\"><figure class=\"swiper-slide-inner\"><img decoding=\"async\" class=\"swiper-slide-image\" src=\"https:\/\/www.blueknights3.cz\/wp-content\/uploads\/2025\/03\/M5-150x150.jpg\" alt=\"M5\" \/><\/figure><\/a><\/div><div class=\"swiper-slide\" role=\"group\" aria-roledescription=\"slide\" aria-label=\"8 z 9\"><a data-elementor-open-lightbox=\"yes\" data-elementor-lightbox-slideshow=\"fb29ac2\" data-elementor-lightbox-title=\"DSC_0051\" data-e-action-hash=\"#elementor-action%3Aaction%3Dlightbox%26settings%3DeyJpZCI6MTIxLCJ1cmwiOiJodHRwczpcL1wvd3d3LmJsdWVrbmlnaHRzMy5jelwvd3AtY29udGVudFwvdXBsb2Fkc1wvMjAyM1wvMDJcL0RTQ18wMDUxLXNjYWxlZC5qcGciLCJzbGlkZXNob3ciOiJmYjI5YWMyIn0%3D\" href=\"https:\/\/www.blueknights3.cz\/wp-content\/uploads\/2023\/02\/DSC_0051-scaled.jpg\"><figure class=\"swiper-slide-inner\"><img decoding=\"async\" class=\"swiper-slide-image\" src=\"https:\/\/www.blueknights3.cz\/wp-content\/uploads\/2023\/02\/DSC_0051-150x150.jpg\" alt=\"DSC_0051\" \/><\/figure><\/a><\/div><div class=\"swiper-slide\" role=\"group\" aria-roledescription=\"slide\" aria-label=\"9 z 9\"><a data-elementor-open-lightbox=\"yes\" data-elementor-lightbox-slideshow=\"fb29ac2\" data-elementor-lightbox-title=\"IMG_0863\" data-e-action-hash=\"#elementor-action%3Aaction%3Dlightbox%26settings%3DeyJpZCI6NzgsInVybCI6Imh0dHBzOlwvXC93d3cuYmx1ZWtuaWdodHMzLmN6XC93cC1jb250ZW50XC91cGxvYWRzXC8yMDIzXC8wMlwvSU1HXzA4NjMtc2NhbGVkLmpwZWciLCJzbGlkZXNob3ciOiJmYjI5YWMyIn0%3D\" href=\"https:\/\/www.blueknights3.cz\/wp-content\/uploads\/2023\/02\/IMG_0863-scaled.jpeg\"><figure class=\"swiper-slide-inner\"><img decoding=\"async\" class=\"swiper-slide-image\" src=\"https:\/\/www.blueknights3.cz\/wp-content\/uploads\/2023\/02\/IMG_0863-150x150.jpeg\" alt=\"IMG_0863\" \/><\/figure><\/a><\/div>\t\t\t<\/div>\n\t\t\t\t\t\t\t\t\t\t\t\t<div class=\"elementor-swiper-button elementor-swiper-button-prev\" role=\"button\" tabindex=\"0\">\n\t\t\t\t\t\t<i aria-hidden=\"true\" class=\"eicon-chevron-left\"><\/i>\t\t\t\t\t<\/div>\n\t\t\t\t\t<div class=\"elementor-swiper-button elementor-swiper-button-next\" role=\"button\" tabindex=\"0\">\n\t\t\t\t\t\t<i aria-hidden=\"true\" class=\"eicon-chevron-right\"><\/i>\t\t\t\t\t<\/div>\n\t\t\t\t\n\t\t\t\t\t\t\t\t\t<div class=\"swiper-pagination\"><\/div>\n\t\t\t\t\t\t\t\t\t<\/div>\n\t\t\t\t\t\t<\/div>\n\t\t\t\t<\/div>\n\t\t\t\t\t<\/div>\n\t\t<\/div>\n\t\t\t\t\t<\/div>\n\t\t<\/section>\n\t\t\t\t<section class=\"elementor-section elementor-top-section elementor-element elementor-element-cf37928 elementor-section-boxed elementor-section-height-default elementor-section-height-default\" data-id=\"cf37928\" data-element_type=\"section\" data-e-type=\"section\" data-settings=\"{&quot;background_background&quot;:&quot;classic&quot;}\">\n\t\t\t\t\t\t\t<div class=\"elementor-background-overlay\"><\/div>\n\t\t\t\t\t\t\t<div class=\"elementor-container elementor-column-gap-default\">\n\t\t\t\t\t<div class=\"elementor-column elementor-col-100 elementor-top-column elementor-element elementor-element-c61fc18\" data-id=\"c61fc18\" data-element_type=\"column\" data-e-type=\"column\">\n\t\t\t<div class=\"elementor-widget-wrap\">\n\t\t\t\t\t\t\t<\/div>\n\t\t<\/div>\n\t\t\t\t\t<\/div>\n\t\t<\/section>\n\t\t\t\t<section class=\"elementor-section elementor-top-section elementor-element elementor-element-b7a1b62 elementor-section-boxed elementor-section-height-default elementor-section-height-default\" data-id=\"b7a1b62\" data-element_type=\"section\" data-e-type=\"section\">\n\t\t\t\t\t\t<div class=\"elementor-container elementor-column-gap-default\">\n\t\t\t\t\t<div class=\"elementor-column elementor-col-16 elementor-top-column elementor-element elementor-element-0edcd29\" data-id=\"0edcd29\" data-element_type=\"column\" data-e-type=\"column\">\n\t\t\t<div class=\"elementor-widget-wrap\">\n\t\t\t\t\t\t\t<\/div>\n\t\t<\/div>\n\t\t\t\t<div class=\"elementor-column elementor-col-66 elementor-top-column elementor-element elementor-element-e351eac\" data-id=\"e351eac\" data-element_type=\"column\" data-e-type=\"column\">\n\t\t\t<div class=\"elementor-widget-wrap elementor-element-populated\">\n\t\t\t\t\t\t<div class=\"elementor-element elementor-element-b2d0770 elementor-widget elementor-widget-image\" data-id=\"b2d0770\" data-element_type=\"widget\" data-e-type=\"widget\" data-widget_type=\"image.default\">\n\t\t\t\t<div class=\"elementor-widget-container\">\n\t\t\t\t\t\t\t\t\t\t\t\t\t\t\t<img decoding=\"async\" width=\"1024\" height=\"672\" src=\"https:\/\/www.blueknights3.cz\/wp-content\/uploads\/2025\/03\/Pozvanka-zehnani-2025-1024x672.png\" class=\"attachment-large size-large wp-image-785\" alt=\"\" srcset=\"https:\/\/www.blueknights3.cz\/wp-content\/uploads\/2025\/03\/Pozvanka-zehnani-2025-1024x672.png 1024w, https:\/\/www.blueknights3.cz\/wp-content\/uploads\/2025\/03\/Pozvanka-zehnani-2025-300x197.png 300w, https:\/\/www.blueknights3.cz\/wp-content\/uploads\/2025\/03\/Pozvanka-zehnani-2025-768x504.png 768w, https:\/\/www.blueknights3.cz\/wp-content\/uploads\/2025\/03\/Pozvanka-zehnani-2025.png 1262w\" sizes=\"(max-width: 1024px) 100vw, 1024px\" \/>\t\t\t\t\t\t\t\t\t\t\t\t\t\t\t<\/div>\n\t\t\t\t<\/div>\n\t\t\t\t\t<\/div>\n\t\t<\/div>\n\t\t\t\t<div class=\"elementor-column elementor-col-16 elementor-top-column elementor-element elementor-element-1d8d472\" data-id=\"1d8d472\" data-element_type=\"column\" data-e-type=\"column\">\n\t\t\t<div class=\"elementor-widget-wrap\">\n\t\t\t\t\t\t\t<\/div>\n\t\t<\/div>\n\t\t\t\t\t<\/div>\n\t\t<\/section>\n\t\t\t\t<\/div>\n\t\t","protected":false},"excerpt":{"rendered":"<p>V\u00edtejte na ofici\u00e1ln\u00ed str\u00e1nce Blue Knight\u00b4s Czech Republic III. Law&nbsp;Enforcement Motorcycle Club<\/p>\n","protected":false},"author":1,"featured_media":0,"parent":0,"menu_order":0,"comment_status":"closed","ping_status":"closed","template":"","meta":{"_uag_custom_page_level_css":"","_price":"","_stock":"","_tribe_ticket_header":"","_tribe_default_ticket_provider":"","_tribe_ticket_capacity":"0","_ticket_start_date":"","_ticket_end_date":"","_tribe_ticket_show_description":"","_tribe_ticket_show_not_going":false,"_tribe_ticket_use_global_stock":"","_tribe_ticket_global_stock_level":"","_global_stock_mode":"","_global_stock_cap":"","_tribe_rsvp_for_event":"","_tribe_ticket_going_count":"","_tribe_ticket_not_going_count":"","_tribe_tickets_list":[],"_tribe_ticket_has_attendee_info_fields":false,"footnotes":""},"class_list":["post-177","page","type-page","status-publish","hentry"],"uagb_featured_image_src":{"full":false,"thumbnail":false,"medium":false,"medium_large":false,"large":false,"1536x1536":false,"2048x2048":false},"uagb_author_info":{"display_name":"v\u00edme kdo","author_link":"https:\/\/www.blueknights3.cz\/home\/author\/blueknight\/"},"uagb_comment_info":0,"uagb_excerpt":"V\u00edtejte na ofici\u00e1ln\u00ed str\u00e1nce Blue Knight\u00b4s Czech Republic III. Law&nbsp;Enforcement Motorcycle Club","ticketed":false,"_links":{"self":[{"href":"https:\/\/www.blueknights3.cz\/home\/wp-json\/wp\/v2\/pages\/177","targetHints":{"allow":["GET"]}}],"collection":[{"href":"https:\/\/www.blueknights3.cz\/home\/wp-json\/wp\/v2\/pages"}],"about":[{"href":"https:\/\/www.blueknights3.cz\/home\/wp-json\/wp\/v2\/types\/page"}],"author":[{"embeddable":true,"href":"https:\/\/www.blueknights3.cz\/home\/wp-json\/wp\/v2\/users\/1"}],"replies":[{"embeddable":true,"href":"https:\/\/www.blueknights3.cz\/home\/wp-json\/wp\/v2\/comments?post=177"}],"version-history":[{"count":262,"href":"https:\/\/www.blueknights3.cz\/home\/wp-json\/wp\/v2\/pages\/177\/revisions"}],"predecessor-version":[{"id":794,"href":"https:\/\/www.blueknights3.cz\/home\/wp-json\/wp\/v2\/pages\/177\/revisions\/794"}],"wp:attachment":[{"href":"https:\/\/www.blueknights3.cz\/home\/wp-json\/wp\/v2\/media?parent=177"}],"curies":[{"name":"wp","href":"https:\/\/api.w.org\/{rel}","templated":true}]}}